{"id":27,"date":"2011-09-04T07:09:28","date_gmt":"2011-09-04T07:09:28","guid":{"rendered":"http:\/\/tilo-kieszling.de\/wp\/?page_id=27"},"modified":"2023-10-31T22:11:14","modified_gmt":"2023-10-31T22:11:14","slug":"tilo","status":"publish","type":"page","link":"https:\/\/tilo-kieszling.de\/wp\/","title":{"rendered":"Tilo"},"content":{"rendered":"<div class=\"wp-block-image size-full wp-image-44\">\n<figure class=\"alignleft is-resized\"><a href=\"https:\/\/i0.wp.com\/tilo-kieszling.de\/wp\/wp-content\/uploads\/2023\/10\/tilo2023-02548.jpg?ssl=1\"><img data-recalc-dims=\"1\" loading=\"lazy\" decoding=\"async\" width=\"620\" height=\"801\" data-attachment-id=\"1920\" data-permalink=\"https:\/\/tilo-kieszling.de\/wp\/tilo\/tilo2023-02548\/\" data-orig-file=\"https:\/\/i0.wp.com\/tilo-kieszling.de\/wp\/wp-content\/uploads\/2023\/10\/tilo2023-02548.jpg?fit=625%2C807&amp;ssl=1\" data-orig-size=\"625,807\" data-comments-opened=\"1\" data-image-meta=\"{&quot;aperture&quot;:&quot;1.4&quot;,&quot;credit&quot;:&quot;rficture&quot;,&quot;camera&quot;:&quot;ILCE-6600&quot;,&quot;caption&quot;:&quot;&quot;,&quot;created_timestamp&quot;:&quot;1698743905&quot;,&quot;copyright&quot;:&quot;rficture&quot;,&quot;focal_length&quot;:&quot;30&quot;,&quot;iso&quot;:&quot;250&quot;,&quot;shutter_speed&quot;:&quot;0.000625&quot;,&quot;title&quot;:&quot;&quot;,&quot;orientation&quot;:&quot;0&quot;}\" data-image-title=\"tilo2023-02548\" data-image-description=\"\" data-image-caption=\"\" data-medium-file=\"https:\/\/i0.wp.com\/tilo-kieszling.de\/wp\/wp-content\/uploads\/2023\/10\/tilo2023-02548.jpg?fit=232%2C300&amp;ssl=1\" data-large-file=\"https:\/\/i0.wp.com\/tilo-kieszling.de\/wp\/wp-content\/uploads\/2023\/10\/tilo2023-02548.jpg?fit=620%2C801&amp;ssl=1\" src=\"https:\/\/i0.wp.com\/tilo-kieszling.de\/wp\/wp-content\/uploads\/2023\/10\/tilo2023-02548.jpg?resize=620%2C801&#038;ssl=1\" alt=\"\" class=\"wp-image-1920\" style=\"aspect-ratio:0.7744733581164808;width:300px;height:auto\" srcset=\"https:\/\/i0.wp.com\/tilo-kieszling.de\/wp\/wp-content\/uploads\/2023\/10\/tilo2023-02548.jpg?w=625&amp;ssl=1 625w, https:\/\/i0.wp.com\/tilo-kieszling.de\/wp\/wp-content\/uploads\/2023\/10\/tilo2023-02548.jpg?resize=232%2C300&amp;ssl=1 232w\" sizes=\"auto, (max-width: 620px) 100vw, 620px\" \/><\/a><\/figure>\n<\/div>\n\n\n<p>So sehe ich aus. Nach Tagesform auch mal besser. In der Freizeit gern unrasiert. Bei wesentlichen Terminen darf es ein Anzug sein, und in meinem 53. Lebensjahr verf\u00fcge ich inzwischen \u00fcber mehrere Krawatten. Dabei war es doch das Vorrecht der Revoluzzer, mit offenem Kragen zu erscheinen. Diese Mode, die man heute noch bei den K\u00fcnstlern sieht, die gern aufbegehrend erscheinen wollen.<\/p>\n\n\n\n<p>Ich pflege drei Lebensbereiche, m\u00fchsam voneinander abgegrenzt und sich nat\u00fcrlich immer wieder durchdringend.<\/p>\n\n\n\n<p><a title=\"Privat\" href=\"https:\/\/tilo-kieszling.de\/wp\/tilo\/privat-2\/\">Privat<\/a> bin ich Vater von drei Kindern, mag gro\u00dfe Tr\u00e4ume und Kleinstaaten und bin manchmal lange nach Mitternacht in den Kneipen der Dresdner Neustadt anzutreffen. <a title=\"Politisch\" href=\"https:\/\/tilo-kieszling.de\/wp\/tilo\/politisch\/\">Politisch<\/a> bin ich in der LINKEN und f\u00fcr diese neben vielen anderen Funktionen im Dresdner Stadtrat aktiv.&nbsp;<a title=\"Beruflich\" href=\"https:\/\/tilo-kieszling.de\/wp\/tilo\/beruflich\/\">Beruflich<\/a> bin ich selbst\u00e4ndig mit der Verwaltung einer Reihe von Einzelprojekten besch\u00e4ftigt, haupts\u00e4chlich mit der Gesch\u00e4ftsf\u00fchrung verschiedener Tochtergesellschaften des <a href=\"http:\/\/www.roter-baum.de\" target=\"_blank\" rel=\"noopener noreferrer\">Jugendvereines &#8222;Roter Baum&#8220; e. V.<\/a><\/p>\n","protected":false},"excerpt":{"rendered":"<p>So sehe ich aus. Nach Tagesform auch mal besser. In der Freizeit gern unrasiert. Bei wesentlichen Terminen darf es ein Anzug sein, und in meinem 53. Lebensjahr verf\u00fcge ich inzwischen \u00fcber mehrere Krawatten. Dabei war es doch das Vorrecht der &hellip; <a href=\"https:\/\/tilo-kieszling.de\/wp\/\">Weiterlesen <span class=\"meta-nav\">&rarr;<\/span><\/a><\/p>\n","protected":false},"author":1,"featured_media":0,"parent":0,"menu_order":0,"comment_status":"closed","ping_status":"closed","template":"full-width-page.php","meta":{"jetpack_post_was_ever_published":false,"footnotes":""},"class_list":["post-27","page","type-page","status-publish","hentry"],"jetpack_sharing_enabled":true,"jetpack_shortlink":"https:\/\/wp.me\/P2tvHG-r","jetpack_likes_enabled":true,"_links":{"self":[{"href":"https:\/\/tilo-kieszling.de\/wp\/wp-json\/wp\/v2\/pages\/27","targetHints":{"allow":["GET"]}}],"collection":[{"href":"https:\/\/tilo-kieszling.de\/wp\/wp-json\/wp\/v2\/pages"}],"about":[{"href":"https:\/\/tilo-kieszling.de\/wp\/wp-json\/wp\/v2\/types\/page"}],"author":[{"embeddable":true,"href":"https:\/\/tilo-kieszling.de\/wp\/wp-json\/wp\/v2\/users\/1"}],"replies":[{"embeddable":true,"href":"https:\/\/tilo-kieszling.de\/wp\/wp-json\/wp\/v2\/comments?post=27"}],"version-history":[{"count":28,"href":"https:\/\/tilo-kieszling.de\/wp\/wp-json\/wp\/v2\/pages\/27\/revisions"}],"predecessor-version":[{"id":1922,"href":"https:\/\/tilo-kieszling.de\/wp\/wp-json\/wp\/v2\/pages\/27\/revisions\/1922"}],"wp:attachment":[{"href":"https:\/\/tilo-kieszling.de\/wp\/wp-json\/wp\/v2\/media?parent=27"}],"curies":[{"name":"wp","href":"https:\/\/api.w.org\/{rel}","templated":true}]}}